{"id":1110,"date":"2018-11-22T15:05:49","date_gmt":"2018-11-22T13:05:49","guid":{"rendered":"https:\/\/ulusehiryangindanismanlik.com\/v5\/?page_id=1110"},"modified":"2019-12-16T13:56:06","modified_gmt":"2019-12-16T10:56:06","slug":"yangin-sigortasi","status":"publish","type":"page","link":"https:\/\/ulusehiryangindanismanlik.com\/v5\/yangin-sigortasi\/","title":{"rendered":"Yang\u0131n Sigortas\u0131"},"content":{"rendered":"<p><strong>Yang\u0131n Sigortas\u0131<\/strong><\/p>\n<p>Konut olsun, bir i\u015f yeri olsun, \u00f6zel yada ticari ama\u00e7la kullan\u0131lan herhangi bir binan\u0131n, gerek kendisinin gerekse i\u00e7inde bulunan e\u015fya, makine, tesisat ve her t\u00fcrl\u00fc donan\u0131m\u0131n\u0131n Yang\u0131n Dan\u0131\u015fman\u0131m\u0131z(Emekli \u0130tfaiye Daire Ba\u015fkan\u0131) Orhan Do\u011fan taraf\u0131ndan yang\u0131n risk analizi yap\u0131larak en uygun Yang\u0131n Sigortas\u0131 fiyat teklifi sunulur.<\/p>\n<p>Konut olsun, bir i\u015fyeri olsun, \u00f6zel ya da ticari ama\u00e7la kullan\u0131lan herhangi bir binan\u0131n, gerek kendisinin gerekse i\u00e7inde bulunan e\u015fya, makine, tesisat ve her t\u00fcrl\u00fc donan\u0131m\u0131n\u0131n, \u00e7\u0131kan bir yang\u0131nda zarar g\u00f6rmesi durumunda, zararlar\u0131n kar\u015f\u0131lanmas\u0131 amac\u0131 ile Yang\u0131n Sigortas\u0131 yap\u0131l\u0131r.<\/p>\n","protected":false},"excerpt":{"rendered":"<p>Yang\u0131n Sigortas\u0131 Konut olsun, bir i\u015f yeri olsun, \u00f6zel yada ticari ama\u00e7la kullan\u0131lan herhangi bir binan\u0131n, gerek kendisinin gerekse i\u00e7inde bulunan e\u015fya, makine, tesisat ve her<span class=\"excerpt-hellip\"> [\u2026]<\/span><\/p>\n","protected":false},"author":1,"featured_media":0,"parent":0,"menu_order":0,"comment_status":"closed","ping_status":"closed","template":"","meta":{"footnotes":""},"_links":{"self":[{"href":"https:\/\/ulusehiryangindanismanlik.com\/v5\/wp-json\/wp\/v2\/pages\/1110"}],"collection":[{"href":"https:\/\/ulusehiryangindanismanlik.com\/v5\/wp-json\/wp\/v2\/pages"}],"about":[{"href":"https:\/\/ulusehiryangindanismanlik.com\/v5\/wp-json\/wp\/v2\/types\/page"}],"author":[{"embeddable":true,"href":"https:\/\/ulusehiryangindanismanlik.com\/v5\/wp-json\/wp\/v2\/users\/1"}],"replies":[{"embeddable":true,"href":"https:\/\/ulusehiryangindanismanlik.com\/v5\/wp-json\/wp\/v2\/comments?post=1110"}],"version-history":[{"count":3,"href":"https:\/\/ulusehiryangindanismanlik.com\/v5\/wp-json\/wp\/v2\/pages\/1110\/revisions"}],"predecessor-version":[{"id":1158,"href":"https:\/\/ulusehiryangindanismanlik.com\/v5\/wp-json\/wp\/v2\/pages\/1110\/revisions\/1158"}],"wp:attachment":[{"href":"https:\/\/ulusehiryangindanismanlik.com\/v5\/wp-json\/wp\/v2\/media?parent=1110"}],"curies":[{"name":"wp","href":"https:\/\/api.w.org\/{rel}","templated":true}]}}