{"id":1112,"date":"2018-11-22T15:08:18","date_gmt":"2018-11-22T13:08:18","guid":{"rendered":"https:\/\/ulusehiryangindanismanlik.com\/v5\/?page_id=1112"},"modified":"2018-11-22T15:08:18","modified_gmt":"2018-11-22T13:08:18","slug":"yangin-algilama-ve-uyari-sistemleri","status":"publish","type":"page","link":"https:\/\/ulusehiryangindanismanlik.com\/v5\/yangin-algilama-ve-uyari-sistemleri\/","title":{"rendered":"Yang\u0131n Alg\u0131lama ve Uyar\u0131 Sistemleri"},"content":{"rendered":"<p>\u00dccretsiz ke\u015fif yap\u0131larak Profesyonel ekibimizle T\u00fcrkiye Binalar\u0131n<br \/>\nYang\u0131ndan Korunmas\u0131 Hakk\u0131nda Y\u00f6netmeli\u011fe g\u00f6re ihtiya\u00e7 duyulan bina ve yap\u0131larda Yang\u0131n alg\u0131lama sistemlerinin  anahtar teslim kurulum  hizmetini vermekteyiz.<\/p>\n","protected":false},"excerpt":{"rendered":"<p>\u00dccretsiz ke\u015fif yap\u0131larak Profesyonel ekibimizle T\u00fcrkiye Binalar\u0131n Yang\u0131ndan Korunmas\u0131 Hakk\u0131nda Y\u00f6netmeli\u011fe g\u00f6re ihtiya\u00e7 duyulan bina ve yap\u0131larda Yang\u0131n alg\u0131lama sistemlerinin anahtar teslim kurulum hizmetini vermekteyiz.<\/p>\n","protected":false},"author":1,"featured_media":0,"parent":0,"menu_order":0,"comment_status":"closed","ping_status":"closed","template":"","meta":{"footnotes":""},"_links":{"self":[{"href":"https:\/\/ulusehiryangindanismanlik.com\/v5\/wp-json\/wp\/v2\/pages\/1112"}],"collection":[{"href":"https:\/\/ulusehiryangindanismanlik.com\/v5\/wp-json\/wp\/v2\/pages"}],"about":[{"href":"https:\/\/ulusehiryangindanismanlik.com\/v5\/wp-json\/wp\/v2\/types\/page"}],"author":[{"embeddable":true,"href":"https:\/\/ulusehiryangindanismanlik.com\/v5\/wp-json\/wp\/v2\/users\/1"}],"replies":[{"embeddable":true,"href":"https:\/\/ulusehiryangindanismanlik.com\/v5\/wp-json\/wp\/v2\/comments?post=1112"}],"version-history":[{"count":1,"href":"https:\/\/ulusehiryangindanismanlik.com\/v5\/wp-json\/wp\/v2\/pages\/1112\/revisions"}],"predecessor-version":[{"id":1113,"href":"https:\/\/ulusehiryangindanismanlik.com\/v5\/wp-json\/wp\/v2\/pages\/1112\/revisions\/1113"}],"wp:attachment":[{"href":"https:\/\/ulusehiryangindanismanlik.com\/v5\/wp-json\/wp\/v2\/media?parent=1112"}],"curies":[{"name":"wp","href":"https:\/\/api.w.org\/{rel}","templated":true}]}}