{"id":1181,"date":"2020-01-23T11:07:28","date_gmt":"2020-01-23T08:07:28","guid":{"rendered":"https:\/\/ulusehiryangindanismanlik.com\/v5\/?page_id=1181"},"modified":"2020-01-24T10:20:13","modified_gmt":"2020-01-24T07:20:13","slug":"msds-sds-gbf","status":"publish","type":"page","link":"https:\/\/ulusehiryangindanismanlik.com\/v5\/msds-sds-gbf\/","title":{"rendered":"MSDS\/SDS\/GBF"},"content":{"rendered":"<p style=\"text-align: center;\"><strong>G\u00dcVENL\u0130K B\u0130LG\u0130 FORMU HAZIRLAMA<\/strong><\/p>\n<p>\u201cZararl\u0131 Maddeler ve Kar\u0131\u015f\u0131mlara \u0130li\u015fkin G\u00fcvenlik Bilgi Formlar\u0131 Hakk\u0131nda Y\u00f6netmelik&#8217;e g\u00f6re MSDS\/SDS\/GBF g\u00fcvenlik bilgi formlar\u0131n\u0131z konusunda uzman tecr\u00fcbeli (MSDS\/SDS\/GBF haz\u0131rlama yeterlilik belgesine sahip) Kimyagerimiz taraf\u0131ndan her dilde haz\u0131rlan\u0131r en k\u0131sa s\u00fcrede teslim edilir. Ayr\u0131ca MSDS\/SDS\/GBF TERC\u00dcME\/\u00c7EV\u0130R\u0130 H\u0130ZMETLER\u0130 ve MSDS\/SDS\/GBF G\u00fcncelleme Hizmetleri verilmektedir. Yine konusunda uzman tecr\u00fcbeli e\u011fitimci kimyagerimiz taraf\u0131ndan 1 g\u00fcnl\u00fck \u201cG\u00dcVENL\u0130K B\u0130LG\u0130 FORMU OKUMA E\u011e\u0130T\u0130M\u0130\u201d ve 3 g\u00fcnl\u00fck \u201cG\u00dcVENL\u0130K B\u0130LG\u0130 FORMU HAZIRLAYICISI E\u011e\u0130T\u0130M\u0130\u201d verilmektedir.<\/p>\n<p><a href=\"http:\/\/ulusehiryangindanismanlik.com\/v5\/iletisim\/\">Daha detayl\u0131 bilgi almak i\u00e7in l\u00fctfen bizimle irtibata ge\u00e7iniz.<\/a><\/p>\n","protected":false},"excerpt":{"rendered":"<p>G\u00dcVENL\u0130K B\u0130LG\u0130 FORMU HAZIRLAMA \u201cZararl\u0131 Maddeler ve Kar\u0131\u015f\u0131mlara \u0130li\u015fkin G\u00fcvenlik Bilgi Formlar\u0131 Hakk\u0131nda Y\u00f6netmelik&#8217;e g\u00f6re MSDS\/SDS\/GBF g\u00fcvenlik bilgi formlar\u0131n\u0131z konusunda uzman tecr\u00fcbeli (MSDS\/SDS\/GBF haz\u0131rlama yeterlilik belgesine<span class=\"excerpt-hellip\"> [\u2026]<\/span><\/p>\n","protected":false},"author":1,"featured_media":0,"parent":0,"menu_order":0,"comment_status":"closed","ping_status":"closed","template":"","meta":{"footnotes":""},"_links":{"self":[{"href":"https:\/\/ulusehiryangindanismanlik.com\/v5\/wp-json\/wp\/v2\/pages\/1181"}],"collection":[{"href":"https:\/\/ulusehiryangindanismanlik.com\/v5\/wp-json\/wp\/v2\/pages"}],"about":[{"href":"https:\/\/ulusehiryangindanismanlik.com\/v5\/wp-json\/wp\/v2\/types\/page"}],"author":[{"embeddable":true,"href":"https:\/\/ulusehiryangindanismanlik.com\/v5\/wp-json\/wp\/v2\/users\/1"}],"replies":[{"embeddable":true,"href":"https:\/\/ulusehiryangindanismanlik.com\/v5\/wp-json\/wp\/v2\/comments?post=1181"}],"version-history":[{"count":2,"href":"https:\/\/ulusehiryangindanismanlik.com\/v5\/wp-json\/wp\/v2\/pages\/1181\/revisions"}],"predecessor-version":[{"id":1219,"href":"https:\/\/ulusehiryangindanismanlik.com\/v5\/wp-json\/wp\/v2\/pages\/1181\/revisions\/1219"}],"wp:attachment":[{"href":"https:\/\/ulusehiryangindanismanlik.com\/v5\/wp-json\/wp\/v2\/media?parent=1181"}],"curies":[{"name":"wp","href":"https:\/\/api.w.org\/{rel}","templated":true}]}}