{"id":1260,"date":"2022-04-15T14:24:37","date_gmt":"2022-04-15T11:24:37","guid":{"rendered":"https:\/\/ulusehiryangindanismanlik.com\/v5\/?page_id=1260"},"modified":"2022-04-22T03:28:27","modified_gmt":"2022-04-22T00:28:27","slug":"acil-durum-plani","status":"publish","type":"page","link":"https:\/\/ulusehiryangindanismanlik.com\/v5\/acil-durum-plani\/","title":{"rendered":"Acil Durum Plan\u0131"},"content":{"rendered":"\n<p>Uzman kadromuz taraf\u0131ndan &nbsp;Afet ve acil durum m\u00fcdahale hizmetleri y\u00f6netmeli\u011fi,&nbsp; i\u015fyerlerinde acil durumlar hakk\u0131nda y\u00f6netmelik, sivil savunma kanunu ve binalar\u0131n yang\u0131ndan korunmas\u0131 hakk\u0131nda y\u00f6netmeli\u011fe g\u00f6re &nbsp;t\u00fcm i\u015fyerleri i\u00e7in tasar\u0131m veya kurulu\u015f a\u015famas\u0131ndan ba\u015flamak \u00fczere acil durumlar\u0131n belirlenmesi, bunlar\u0131n olumsuz etkileri, \u00f6nleyici ve s\u0131n\u0131rland\u0131r\u0131c\u0131 tedbirlerin al\u0131nmas\u0131 g\u00f6revlendirilecek ki\u015filerin belirlenmesi, acil durum m\u00fcdahale ve tahliye y\u00f6ntemlerinin olu\u015fturulmas\u0131, dok\u00fcmantasyon, tatbikat ve acil durum plan\u0131n\u0131n yenilenmesi a\u015famalar\u0131 izlenerek haz\u0131rlan\u0131r<\/p>\n\n\n\n<p><strong>Acil durumlar\u0131n belirlenmesi<\/strong><\/p>\n\n\n\n<p>\u0130\u015fyerinde meydana gelebilecek acil durumlar a\u015fa\u011f\u0131daki hususlar dikkate al\u0131narak belirlenir:<\/p>\n\n\n\n<p>a) Risk de\u011ferlendirmesi sonu\u00e7lar\u0131.<\/p>\n\n\n\n<p>b) Yang\u0131n, tehlikeli kimyasal maddelerden kaynaklanan yay\u0131l\u0131m ve patlama ihtimali.<\/p>\n\n\n\n<p>c)&nbsp;\u0130lk yard\u0131m ve tahliye gerektirecek olaylar.<\/p>\n\n\n\n<p>\u00e7) Do\u011fal afetlerin meydana gelme ihtimali.<\/p>\n\n\n\n<p>d) Sabotaj ihtimali.<\/p>\n\n\n\n<p><\/p>\n","protected":false},"excerpt":{"rendered":"<p>Uzman kadromuz taraf\u0131ndan &nbsp;Afet ve acil durum m\u00fcdahale hizmetleri y\u00f6netmeli\u011fi,&nbsp; i\u015fyerlerinde acil durumlar hakk\u0131nda y\u00f6netmelik, sivil savunma kanunu ve binalar\u0131n yang\u0131ndan korunmas\u0131 hakk\u0131nda y\u00f6netmeli\u011fe g\u00f6re &nbsp;t\u00fcm<span class=\"excerpt-hellip\"> [\u2026]<\/span><\/p>\n","protected":false},"author":1,"featured_media":0,"parent":0,"menu_order":0,"comment_status":"closed","ping_status":"closed","template":"","meta":{"footnotes":""},"_links":{"self":[{"href":"https:\/\/ulusehiryangindanismanlik.com\/v5\/wp-json\/wp\/v2\/pages\/1260"}],"collection":[{"href":"https:\/\/ulusehiryangindanismanlik.com\/v5\/wp-json\/wp\/v2\/pages"}],"about":[{"href":"https:\/\/ulusehiryangindanismanlik.com\/v5\/wp-json\/wp\/v2\/types\/page"}],"author":[{"embeddable":true,"href":"https:\/\/ulusehiryangindanismanlik.com\/v5\/wp-json\/wp\/v2\/users\/1"}],"replies":[{"embeddable":true,"href":"https:\/\/ulusehiryangindanismanlik.com\/v5\/wp-json\/wp\/v2\/comments?post=1260"}],"version-history":[{"count":2,"href":"https:\/\/ulusehiryangindanismanlik.com\/v5\/wp-json\/wp\/v2\/pages\/1260\/revisions"}],"predecessor-version":[{"id":1274,"href":"https:\/\/ulusehiryangindanismanlik.com\/v5\/wp-json\/wp\/v2\/pages\/1260\/revisions\/1274"}],"wp:attachment":[{"href":"https:\/\/ulusehiryangindanismanlik.com\/v5\/wp-json\/wp\/v2\/media?parent=1260"}],"curies":[{"name":"wp","href":"https:\/\/api.w.org\/{rel}","templated":true}]}}