{"id":1290,"date":"2023-08-22T16:41:32","date_gmt":"2023-08-22T13:41:32","guid":{"rendered":"https:\/\/ulusehiryangindanismanlik.com\/v5\/?page_id=1290"},"modified":"2023-08-22T16:44:17","modified_gmt":"2023-08-22T13:44:17","slug":"yangin-ekipmanlari-2","status":"publish","type":"page","link":"https:\/\/ulusehiryangindanismanlik.com\/v5\/yangin-ekipmanlari-2\/","title":{"rendered":"Yang\u0131n Ekipmanlar\u0131"},"content":{"rendered":"<p style=\"text-align: center;\"><strong>YANGIN EK\u0130PMANLARI<\/strong><\/p>\n<p>Binalar\u0131n yang\u0131ndan korunmas\u0131 hakk\u0131nda y\u00f6netmelik h\u00fck\u00fcmlerine g\u00f6re Bina sahip ve y\u00f6neticileri; ekiplerin, yap\u0131larda olu\u015facak yang\u0131nlara m\u00fcdahale etmesi ve kurtarma i\u015flemlerini y\u00fcr\u00fctmelerinde kullanmalar\u0131 i\u00e7in gereken malzemeleri bulundurmak zorundad\u0131r. M\u00fc\u015fterilerimizin\u00a0 talebi halinde\u00a0\u00a0 Binalar\u0131n\u00a0 b\u00fcy\u00fckl\u00fc\u011f\u00fcne, kullan\u0131m amac\u0131na, yang\u0131n tehlike s\u0131n\u0131f\u0131na\u00a0 mevcut yang\u0131n \u00f6nlem\u00a0 sistemlerine ve olu\u015fturulan acil durum ekiplerinin\u00a0 say\u0131lar\u0131na\u00a0 g\u00f6re yerinde analiz edilerek her kata tespit edilen\u00a0 say\u0131da\u00a0 standartlara uygun yang\u0131n ekipman dolab\u0131 ve i\u00e7inde yer alacak gaz maskesi, el feneri, megafon, teneff\u00fcs cihaz\u0131, yedek hortum, lans, hidrant anahtar\u0131, portatif sedye, yang\u0131n battaniyesi, itfaiyeci mi\u011fferi, itfaiyeci\u00a0 eldiveni ,itfaiyeci, \u00e7izmesi, itfaiyeci yanmaz elbisesi ve di\u011fer t\u00fcm yang\u0131n ekipmanlar\u0131\u00a0 en uygun fiyatlarla\u00a0 tedarik edilir.<\/p>\n<p><a href=\"http:\/\/ulusehiryangindanismanlik.com\/v5\/iletisim\/\">Daha detayl\u0131 bilgi almak i\u00e7in l\u00fctfen bizimle irtibata ge\u00e7iniz.<\/a><\/p>\n","protected":false},"excerpt":{"rendered":"<p>YANGIN EK\u0130PMANLARI Binalar\u0131n yang\u0131ndan korunmas\u0131 hakk\u0131nda y\u00f6netmelik h\u00fck\u00fcmlerine g\u00f6re Bina sahip ve y\u00f6neticileri; ekiplerin, yap\u0131larda olu\u015facak yang\u0131nlara m\u00fcdahale etmesi ve kurtarma i\u015flemlerini y\u00fcr\u00fctmelerinde kullanmalar\u0131 i\u00e7in gereken<span class=\"excerpt-hellip\"> [\u2026]<\/span><\/p>\n","protected":false},"author":1,"featured_media":0,"parent":0,"menu_order":0,"comment_status":"closed","ping_status":"closed","template":"","meta":{"footnotes":""},"_links":{"self":[{"href":"https:\/\/ulusehiryangindanismanlik.com\/v5\/wp-json\/wp\/v2\/pages\/1290"}],"collection":[{"href":"https:\/\/ulusehiryangindanismanlik.com\/v5\/wp-json\/wp\/v2\/pages"}],"about":[{"href":"https:\/\/ulusehiryangindanismanlik.com\/v5\/wp-json\/wp\/v2\/types\/page"}],"author":[{"embeddable":true,"href":"https:\/\/ulusehiryangindanismanlik.com\/v5\/wp-json\/wp\/v2\/users\/1"}],"replies":[{"embeddable":true,"href":"https:\/\/ulusehiryangindanismanlik.com\/v5\/wp-json\/wp\/v2\/comments?post=1290"}],"version-history":[{"count":3,"href":"https:\/\/ulusehiryangindanismanlik.com\/v5\/wp-json\/wp\/v2\/pages\/1290\/revisions"}],"predecessor-version":[{"id":1294,"href":"https:\/\/ulusehiryangindanismanlik.com\/v5\/wp-json\/wp\/v2\/pages\/1290\/revisions\/1294"}],"wp:attachment":[{"href":"https:\/\/ulusehiryangindanismanlik.com\/v5\/wp-json\/wp\/v2\/media?parent=1290"}],"curies":[{"name":"wp","href":"https:\/\/api.w.org\/{rel}","templated":true}]}}