{"id":1295,"date":"2023-08-22T16:45:42","date_gmt":"2023-08-22T13:45:42","guid":{"rendered":"https:\/\/ulusehiryangindanismanlik.com\/v5\/?page_id=1295"},"modified":"2023-08-22T16:51:09","modified_gmt":"2023-08-22T13:51:09","slug":"yangin-guvenlik-isaretleri","status":"publish","type":"page","link":"https:\/\/ulusehiryangindanismanlik.com\/v5\/yangin-guvenlik-isaretleri\/","title":{"rendered":"Yang\u0131n G\u00fcvenlik \u0130\u015faretleri"},"content":{"rendered":"<p style=\"text-align: center;\"><strong>YANGIN G\u00dcVENL\u0130K \u0130\u015eARETLER\u0130<\/strong><\/p>\n<p>Profesyonel tecr\u00fcbeli ekibimizle \u0130\u015fyerlerinizde Sa\u011fl\u0131k ve G\u00fcvenlik \u0130\u015faretleri Y\u00f6netmelik h\u00fck\u00fcmlerine uygun olarak acil durumlarda Yang\u0131n s\u00f6nd\u00fcrme cihazlar\u0131n\u0131n, yang\u0131n merdivenlerinin, yang\u0131n alarm butonlar\u0131n\u0131n, yang\u0131n dolaplar\u0131n\u0131n, yang\u0131n hidratlar\u0131n\u0131n, itfaiye verme a\u011f\u0131zlar\u0131n\u0131n, EXIT \u00c7IKI\u015e tabela ve \u00a0\u00a0\u00a0y\u00f6nlerinin \u00a0ve di\u011fer t\u00fcm \u00a0yang\u0131n ekipmanlar\u0131n\u0131n bulundu\u011fu noktalar\u0131n yerleri ve konulacak i\u015faret levhalar\u0131 tespit edilir ve tespit edilen i\u015faret levhalar\u0131\u00a0 en uygun fiyatlarla tedarik edilir.<\/p>\n<p><a href=\"http:\/\/ulusehiryangindanismanlik.com\/v5\/iletisim\/\">Daha detayl\u0131 bilgi almak i\u00e7in l\u00fctfen bizimle irtibata ge\u00e7iniz.<\/a><\/p>\n","protected":false},"excerpt":{"rendered":"<p>YANGIN G\u00dcVENL\u0130K \u0130\u015eARETLER\u0130 Profesyonel tecr\u00fcbeli ekibimizle \u0130\u015fyerlerinizde Sa\u011fl\u0131k ve G\u00fcvenlik \u0130\u015faretleri Y\u00f6netmelik h\u00fck\u00fcmlerine uygun olarak acil durumlarda Yang\u0131n s\u00f6nd\u00fcrme cihazlar\u0131n\u0131n, yang\u0131n merdivenlerinin, yang\u0131n alarm butonlar\u0131n\u0131n, yang\u0131n<span class=\"excerpt-hellip\"> [\u2026]<\/span><\/p>\n","protected":false},"author":1,"featured_media":0,"parent":0,"menu_order":0,"comment_status":"closed","ping_status":"closed","template":"","meta":{"footnotes":""},"_links":{"self":[{"href":"https:\/\/ulusehiryangindanismanlik.com\/v5\/wp-json\/wp\/v2\/pages\/1295"}],"collection":[{"href":"https:\/\/ulusehiryangindanismanlik.com\/v5\/wp-json\/wp\/v2\/pages"}],"about":[{"href":"https:\/\/ulusehiryangindanismanlik.com\/v5\/wp-json\/wp\/v2\/types\/page"}],"author":[{"embeddable":true,"href":"https:\/\/ulusehiryangindanismanlik.com\/v5\/wp-json\/wp\/v2\/users\/1"}],"replies":[{"embeddable":true,"href":"https:\/\/ulusehiryangindanismanlik.com\/v5\/wp-json\/wp\/v2\/comments?post=1295"}],"version-history":[{"count":1,"href":"https:\/\/ulusehiryangindanismanlik.com\/v5\/wp-json\/wp\/v2\/pages\/1295\/revisions"}],"predecessor-version":[{"id":1296,"href":"https:\/\/ulusehiryangindanismanlik.com\/v5\/wp-json\/wp\/v2\/pages\/1295\/revisions\/1296"}],"wp:attachment":[{"href":"https:\/\/ulusehiryangindanismanlik.com\/v5\/wp-json\/wp\/v2\/media?parent=1295"}],"curies":[{"name":"wp","href":"https:\/\/api.w.org\/{rel}","templated":true}]}}