{"id":216,"date":"2017-01-03T14:55:48","date_gmt":"2017-01-03T12:55:48","guid":{"rendered":"http:\/\/ulusehiryangindanismanlik.com\/v5\/?page_id=216"},"modified":"2020-02-10T11:51:13","modified_gmt":"2020-02-10T08:51:13","slug":"yangin-danismanlik","status":"publish","type":"page","link":"https:\/\/ulusehiryangindanismanlik.com\/v5\/yangin-danismanlik\/","title":{"rendered":"Yang\u0131n Dan\u0131\u015fmanl\u0131k"},"content":{"rendered":"<p><center><b>Yang\u0131n Dan\u0131\u015fmanl\u0131k<\/b><\/center><center><\/center><center><\/p>\n<p style=\"text-align: left;\">&nbsp;<strong>M\u00fc\u015fterilerimizin bina ve yap\u0131lar\u0131nda proje a\u015famas\u0131nda, in\u015faat a\u015famas\u0131nda ve i\u015fletme a\u015famas\u0131nda T\u00fcrkiye Binalar\u0131n&nbsp; Yang\u0131ndan Korunma Hakk\u0131nda Y\u00f6netmelik h\u00fck\u00fcmlerine, ulusal ve uluslaras\u0131 standartlara&nbsp; g\u00f6re inceleme yap\u0131l\u0131p, yang\u0131n \u00f6nlemlerin gere\u011finden az veya \u00e7ok olmamas\u0131 i\u00e7in do\u011fru yorumlanarak yap\u0131lan tespitler do\u011frultusunda Yang\u0131n Dan\u0131\u015fmanl\u0131k hizmeti verilir<\/strong><\/p>\n<p style=\"text-align: left;\"><strong>M\u00fc\u015fterilerimizin bina ve yap\u0131lar\u0131nda&nbsp;&nbsp;&nbsp;&nbsp; t\u00fcm&nbsp;&nbsp; yang\u0131n \u00f6nlem sistemlerinin kurulmas\u0131 safhas\u0131nda, do\u011fru kurulumun sa\u011flanmas\u0131 hususunda&nbsp; YANGIN DANI\u015eMANLIK ve KONTROLL\u00dcK hizmeti verilir.<\/strong><\/p>\n<p style=\"text-align: left;\"><strong>M\u00fc\u015fterilerimizin &nbsp;bina ve yap\u0131lar\u0131nda&nbsp;&nbsp; Yap\u0131 Kullanma \u0130zini ve&nbsp; \u0130tfaiye Raporu\u2019nun&nbsp;&nbsp;&nbsp; al\u0131nmas\u0131 i\u00e7in ilgili kurum ve kurulu\u015flara ilk m\u00fcracaattan Yap\u0131 Kullanma \u0130zni&nbsp; ve&nbsp;&nbsp; \u0130tfaiye&nbsp; Raporu\u2019nun&nbsp; al\u0131nmas\u0131na kadar t\u00fcm i\u015f ve&nbsp; i\u015flemler takip edilir.<\/strong><\/p>\n<p><\/center>Ulu\u015fehir Yang\u0131n Dan\u0131\u015fmanl\u0131k E\u011fitim Hizmetleri Ticaret Limited \u015eirketimizce 32,5 y\u0131l yang\u0131nla m\u00fccadele etmi\u015f ve hala etmeye devam eden itfaiye mesle\u011finin mutfa\u011f\u0131nda yeti\u015fmi\u015f, mesleki tecr\u00fcbe ve bilgi birikimine sahip olan Kurucumuz &amp; Yang\u0131n Dan\u0131\u015fman\u0131m\u0131z (Emekli \u0130tfaiye Daire Ba\u015fkan\u0131) Orhan DO\u011eAN\u2019\u0131n \u00f6nderli\u011finde, &nbsp;konusunda ba\u015far\u0131l\u0131 mimar, m\u00fchendis, tekniker ve e\u011fitimci kadrosu taraf\u0131ndan&nbsp;konutlarda, sitelerde, Konaklama ama\u00e7l\u0131 binalarda; (oteller, hoteller, moteller, termal tesisler, tatil k\u00f6yleri ve pansiyonlar, kampingler, \u00f6\u011frenci yurtlar\u0131, kamplar vb. tesisler)Kurumsal binalarda; (anaokullar\u0131, kre\u015fler, \u00f6zel e\u011fitim kurumlar\u0131, dershaneler, et\u00fct merkezleri, k\u00fct\u00fcphaneler, yeti\u015ftirme yurtlar\u0131, yat\u0131l\u0131 b\u00f6lge okullar\u0131, y\u00fcksek \u00f6\u011fretim kurumlar\u0131 vb. yerler),Sa\u011fl\u0131k hizmeti ama\u00e7l\u0131 binalarda; (hastaneler, huzur evleri, \u00e7ocuk bak\u0131m ve rehabilitasyon merkezleri, dispanserler, sa\u011fl\u0131k ocaklar\u0131, \u00f6zel klinikler, revirler, te\u015fhis tedavi merkezleri, t\u0131bbi laboratuvarlar vb.yerler),B\u00fcro binalar\u0131nda; (Bankalar, borsalar, kamu hizmeti binalar\u0131, genel b\u00fcro binalar\u0131, doktor ve di\u015f hekimi muayenehaneleri gibi yerler) Ticaret ama\u00e7l\u0131 binalarda; ( Ma\u011fazalar, d\u00fckkanlar, marketler, s\u00fcper marketler, toptanc\u0131 siteleri, sebze meyve ve bal\u0131k halleri, et borsalar\u0131, kapal\u0131 \u00e7ar\u015f\u0131lar, pasajlar, tamirhaneler, yedek par\u00e7a ve malzeme sat\u0131\u015f yerleri vb. yerler), End\u00fcstriyel yap\u0131larda; (h\u00fcr t\u00fcrl\u00fc fabrika, b\u0131\u00e7k\u0131haneler, \u00e7ama\u015f\u0131rhaneler, tekstil \u00fcretim tesisleri, enerji \u00fcretim tesisleri, g\u0131da i\u015fleme tesisleri, dolum ve bo\u015falt\u0131m tesisleri, kuru temizleme tesisleri, maden i\u015fletme tesisleri, rafineler vb. yerler),Toplanma ama\u00e7l\u0131 binalarda; (yeme ve i\u00e7me tesisleri, sinemalar, tiyatrolar, gazinolar, tavernalar, barlar, kokteyl salonlar\u0131, gece kul\u00fcpleri, diskotekler, d\u00fc\u011f\u00fcn ve nikah salonlar\u0131, m\u00fczeler , sergi yerleri, m\u00fczayede yerleri, ibadethaneler, a\u00e7\u0131k ve kapal\u0131 spor alanlar\u0131, terminaller, garlar, hava alanlar\u0131, metrolar, limanlar), Depolama ama\u00e7l\u0131 tesislerde; (Silolar, tank \u00e7iftlikleri, bas\u0131mevi depolar\u0131, antrepolar, ah\u0131rlar, ambarlar, e\u015fya emanet ve muhafaza yerleri, kapal\u0131 a\u00e7\u0131k otoparklar), Y\u00fcksek tehlikeli yerlerde; (parlay\u0131c\u0131 ve patlay\u0131c\u0131 gazlarla ilgili yerler; LPG, do\u011falgaz ve benzeri gazlar\u0131n depolama, ta\u015f\u0131ma, doldurma \u2013 bo\u015faltma ve sat\u0131\u015f i\u015flerinin yap\u0131ld\u0131\u011f\u0131 yerler, patlay\u0131c\u0131 maddelerle ilgili yerler, \u0131s\u0131 ve bas\u0131n\u00e7 tesisi ve kolay tutu\u015fabilen ve patlayabilen maddelerin bulundu\u011fu yerler.Mermi, barut, dinamit kaps\u00fcl vb. maddelerin imal ve muhafaza edildi\u011fi ve sat\u0131ld\u0131\u011f\u0131 yerler, yan\u0131c\u0131 s\u0131v\u0131larla ilgili yerler, yan\u0131c\u0131 s\u0131v\u0131lar\u0131n \u00fcretildi\u011fi, depoland\u0131\u011f\u0131 ve hizmete sunuldu\u011fu sat\u0131\u015f tesisleri vd. yerlerdir.) Kar\u0131\u015f\u0131k kullan\u0131m ama\u00e7l\u0131 binalarda; ((bir binada iki veya daha fazla kullan\u0131m s\u0131n\u0131fland\u0131r\u0131lmas\u0131na tabi olan yerler)&#8217;da &nbsp; T\u00fcrkiye Binalar\u0131n Yang\u0131ndan Korunmas\u0131 Hakk\u0131nda Y\u00f6netmelik h\u00fck\u00fcmlerine yine Ulusal ve Uluslararas\u0131 standartlara g\u00f6re yukar\u0131daki sat\u0131rlarda yaz\u0131ld\u0131\u011f\u0131 gibi her t\u00fcrl\u00fc faaliyetin y\u00fcr\u00fct\u00fcld\u00fc\u011f\u00fc Bina ve Yap\u0131lar\u0131n risk gruplar\u0131n\u0131n belirlenmesi, belirlenen risk gruplar\u0131na g\u00f6re uygun sistemin tasarlanmas\u0131, yang\u0131n senaryolar\u0131n\u0131n olu\u015fturulmas\u0131,ilgili t\u00fcm planlar\u0131n yap\u0131lmas\u0131, e\u011fitimlerin verilmesi ve yang\u0131na kar\u015f\u0131 al\u0131nabilecek di\u011fer \u00f6nlemler hakk\u0131nda dan\u0131\u015fmanl\u0131k hizmeti verilmektedir.<\/p>\n<p>Yang\u0131ndan korunmak i\u00e7in ciddi \u00f6nlemler almak isteyen firmalar bina ve yap\u0131 sahipleri veya yanan bina ve yap\u0131 sahipleri, firmalar konusunda uzman yang\u0131n dan\u0131\u015fmanlar\u0131n\u0131 tercih etmektedir,<\/p>\n<p>\u00d6zetle hem tasar\u0131m a\u015famas\u0131nda ki yeni yap\u0131lacak Bina\/yap\u0131lara hem de yap\u0131lm\u0131\u015f yeni ve mevcut Bina\/ Yap\u0131lara yang\u0131ndan korunma ile ilgili t\u00fcm konularda Yang\u0131n Dan\u0131\u015fmanl\u0131k hizmeti verilmektedir.<\/p>\n<p><b>PROJE A\u015eAMASI DANI\u015eMANLIK<\/b><\/p>\n<p>Tasar\u0131m a\u015famas\u0131nda mimari mekanik yang\u0131n s\u00f6nd\u00fcrme ve yang\u0131n alg\u0131lama ve ihbar projelerinin yang\u0131n g\u00fcvenli\u011fi a\u00e7\u0131s\u0131ndan incelenmesi ka\u00e7\u0131\u015f yollar\u0131n\u0131n, yang\u0131n merdivenlerinin, yang\u0131n ka\u00e7\u0131\u015f merdivenlerine duman\u0131n ge\u00e7i\u015finin engellenmesi s\u00f6nd\u00fcrme ve kurtarma elemanlar\u0131nca kullan\u0131lmas\u0131 ve gerekti\u011finde engellilerin ve yaral\u0131lar\u0131n bekletilmesini ka\u00e7\u0131\u015f yollar\u0131n\u0131n ayd\u0131nlatmas\u0131n\u0131n ve yang\u0131n alg\u0131lama ve uyar\u0131 sistemlerinin yang\u0131n halinde veya herhangi bir acil halde binada bulunanlara zarar vermeyecek \u015fekilde panik \u00e7\u0131kmas\u0131n\u0131 \u00f6nleyecek, binan\u0131n emniyetli bir \u015fekilde bo\u015falt\u0131lmas\u0131n\u0131 sa\u011flayacak ve g\u00fcvenli bir ortam olu\u015fturacak \u015fekilde tasarlanmas\u0131.<\/p>\n<p>Her t\u00fcrl\u00fc elektrik tesisat\u0131n\u0131n, ka\u00e7\u0131\u015f yollar\u0131 ayd\u0131nlatmas\u0131n\u0131n, acil durum ayd\u0131nlatma ve y\u00f6nlendirmesinin ve yang\u0131n alg\u0131lama ve uyar\u0131 sistemlerinin ilgili tesisat y\u00f6netmeliklerine ve standartlara uygun olarak tasarlanmas\u0131 yang\u0131n s\u00f6nd\u00fcrme tesisat\u0131n\u0131n, binada bulunanlara zarar vermeyecek, panik \u00e7\u0131kmas\u0131n\u0131 \u00f6nleyecek ve yang\u0131n\u0131 s\u00f6nd\u00fcrecek \u015fekilde tasarlanmas\u0131 ya\u011fmurlama sisteminin erken uyar\u0131 al\u0131p yang\u0131n alan\u0131na bo\u015falt\u0131lmas\u0131 \u015fekilde tasarlanmas\u0131.<\/p>\n<p>\u00c7al\u0131\u015fmalar\u0131m\u0131z yap\u0131l\u0131rken mimari avan projeler y\u00fcr\u00fcrl\u00fckte olan T\u00fcrkiye binalar\u0131n yang\u0131ndan korunmas\u0131 hakk\u0131nda y\u00f6netmelik \u201dmevzuat\u0131na ve konuyla ilgili di\u011fer ulusal ve uluslararas\u0131 mevzuatlar\u0131na g\u00f6re de\u011ferlendirilmektedir.<\/p>\n<p><b>\u0130N\u015eAAT A\u015eAMASI DANI\u015eMANLIK<\/b><\/p>\n<p>Bir projenin yang\u0131n g\u00fcvenli\u011fi bak\u0131m\u0131ndan en \u00f6nemli a\u015famas\u0131 in\u015faat a\u015famas\u0131d\u0131r.<\/p>\n<ul>\n<li>Tahliye, yang\u0131n tesisat ve yang\u0131n alg\u0131lama ve ihbar projelerine g\u00f6re sistemlerin uygunlu\u011funun kontrol\u00fc<\/li>\n<li>Haz\u0131rlanan teknik \u015fartnamelerin uygunlu\u011funun kontrol\u00fc<\/li>\n<li>Kullan\u0131lan cihazlar\u0131n yeterlili\u011finin incelenmesi<\/li>\n<li>Tamamlanan sistemlerin denetlenmesi ve saha kontrol\u00fc ana konular\u0131m\u0131z\u0131 olu\u015fturmaktad\u0131r.<\/li>\n<\/ul>\n<p>Malzeme sistem ve cihaz al\u0131m sat\u0131m\u0131ndan uzak durmak ana ilkesiyle hareket eden \u015firketimiz taraf\u0131ndan en g\u00fcvenilir bi\u00e7imde yang\u0131n g\u00fcvenli\u011fi hizmeti verilmektedir. M\u00fc\u015fteri talepleri do\u011frultusunda ve \u015firketimizin de uygun g\u00f6rd\u00fc\u011f\u00fc zamanlarda toplant\u0131lar yap\u0131lmakta, saha gezileri d\u00fczenlenmektedir.Uygulama a\u015famas\u0131nda b\u00fcy\u00fck \u00f6nem ta\u015f\u0131maktad\u0131r.<\/p>\n<p><b>\u0130\u015eLETME A\u015eAMASI DANI\u015eMANLIK<\/b><\/p>\n<p>Bina tamamland\u0131ktan sonra ka\u00e7\u0131\u015f yollar\u0131n\u0131n, yang\u0131n tesisat\u0131n\u0131n, alg\u0131lama ve ihbar ve di\u011fer sistemlerin \u00e7al\u0131\u015fmalar\u0131n\u0131n ve kullan\u0131lmas\u0131n\u0131n tespit edilmesi uygunlu\u011funun kontrol edilmesi. \u0130\u015fletme a\u015famas\u0131 dan\u0131\u015fmanl\u0131k hizmetimiz bina tamamland\u0131ktan sonra hizmete ba\u015flayan i\u015fletmelerin sivil savunma planlar\u0131, acil eylem planlar\u0131, yang\u0131n \u00f6nleme ve s\u00f6nd\u00fcrme y\u00f6nergeleri haz\u0131rlan\u0131r.Yang\u0131n ve tahliye planlar\u0131 haz\u0131rlan\u0131r, personellerine yang\u0131n e\u011fitimi verilir.<\/p>\n<p><a href=\"http:\/\/ulusehiryangindanismanlik.com\/v5\/iletisim\/\">Daha detayl\u0131 bilgi almak i\u00e7in l\u00fctfen bizimle irtibata ge\u00e7iniz.<\/a><\/p>\n","protected":false},"excerpt":{"rendered":"<p>Yang\u0131n Dan\u0131\u015fmanl\u0131k &nbsp;M\u00fc\u015fterilerimizin bina ve yap\u0131lar\u0131nda proje a\u015famas\u0131nda, in\u015faat a\u015famas\u0131nda ve i\u015fletme a\u015famas\u0131nda T\u00fcrkiye Binalar\u0131n&nbsp; Yang\u0131ndan Korunma Hakk\u0131nda Y\u00f6netmelik h\u00fck\u00fcmlerine, ulusal ve uluslaras\u0131 standartlara&nbsp; g\u00f6re inceleme<span class=\"excerpt-hellip\"> [\u2026]<\/span><\/p>\n","protected":false},"author":1,"featured_media":0,"parent":0,"menu_order":0,"comment_status":"closed","ping_status":"closed","template":"","meta":{"footnotes":""},"_links":{"self":[{"href":"https:\/\/ulusehiryangindanismanlik.com\/v5\/wp-json\/wp\/v2\/pages\/216"}],"collection":[{"href":"https:\/\/ulusehiryangindanismanlik.com\/v5\/wp-json\/wp\/v2\/pages"}],"about":[{"href":"https:\/\/ulusehiryangindanismanlik.com\/v5\/wp-json\/wp\/v2\/types\/page"}],"author":[{"embeddable":true,"href":"https:\/\/ulusehiryangindanismanlik.com\/v5\/wp-json\/wp\/v2\/users\/1"}],"replies":[{"embeddable":true,"href":"https:\/\/ulusehiryangindanismanlik.com\/v5\/wp-json\/wp\/v2\/comments?post=216"}],"version-history":[{"count":13,"href":"https:\/\/ulusehiryangindanismanlik.com\/v5\/wp-json\/wp\/v2\/pages\/216\/revisions"}],"predecessor-version":[{"id":1238,"href":"https:\/\/ulusehiryangindanismanlik.com\/v5\/wp-json\/wp\/v2\/pages\/216\/revisions\/1238"}],"wp:attachment":[{"href":"https:\/\/ulusehiryangindanismanlik.com\/v5\/wp-json\/wp\/v2\/media?parent=216"}],"curies":[{"name":"wp","href":"https:\/\/api.w.org\/{rel}","templated":true}]}}