{"id":251,"date":"2017-01-05T22:43:16","date_gmt":"2017-01-05T20:43:16","guid":{"rendered":"http:\/\/ulusehiryangindanismanlik.com\/v5\/?page_id=251"},"modified":"2017-03-03T12:13:14","modified_gmt":"2017-03-03T10:13:14","slug":"yangin-incelemesi-bilirkisilik","status":"publish","type":"page","link":"https:\/\/ulusehiryangindanismanlik.com\/v5\/yangin-incelemesi-bilirkisilik\/","title":{"rendered":"Yang\u0131n \u0130ncelemesi \/ Bilirki\u015filik"},"content":{"rendered":"<p><center><b>Yang\u0131n \u0130ncelemesi \/ Bilirki\u015filik<\/b><\/center>\u00a0\u00a0\u00a0\u00a0Yang\u0131n \u00a0ya da patlamalar\u0131n \u00e7\u0131k\u0131\u015f nedeninin tespit edilmesinde ciddi hassas ve derinlemesine inceleme yap\u0131lmal\u0131d\u0131r.En k\u00fc\u00e7\u00fck hasar g\u00f6ren materyalden devasa en b\u00fcy\u00fck materyale kadar yak\u0131ndan tahlil edilerek yang\u0131na ya da patlamaya neyin sebep oldu\u011fu ortaya konulmal\u0131d\u0131r.Yang\u0131n ya da patlamayla ilgili olay mahallinin incelenmesinin amac\u0131 yang\u0131n\u0131n ya da patlaman\u0131n ilk olarak kas\u0131t sonucumu yoksa ba\u015fka sebepler sonucumu \u00e7\u0131kt\u0131\u011f\u0131n\u0131 inceleyerek yang\u0131n ya da patlaman\u0131n \u00a0\u00e7\u0131k\u0131\u015f sebebinin do\u011fru olarak tespit edilerek yang\u0131n\u0131n \u00e7\u0131kmas\u0131nda,patlaman\u0131n meydana gelmesinde kas\u0131tl\u0131 olanlar\u0131n cezaland\u0131r\u0131lmas\u0131n\u0131, ma\u011fdur olanlar\u0131n ise maddi ve manevi yaralar\u0131n\u0131n sar\u0131lmas\u0131n\u0131 sa\u011flamakt\u0131r.<\/p>\n<p>Her t\u00fcrl\u00fc konutlarda, konaklama ama\u00e7l\u0131 binalarda, kurumsal binalarda, b\u00fcro binalar\u0131nda, ticari ama\u00e7l\u0131 binalarda, end\u00fcstriyel yap\u0131larda, toplanma ama\u00e7l\u0131 binalarda, depolama ama\u00e7l\u0131 tesislerde, y\u00fcksek tehlikeli yap\u0131larda, kar\u0131\u015f\u0131k kullan\u0131m ama\u00e7l\u0131 binalarda vb.t\u00fcm yap\u0131 ve binalar\u0131n\u0131zda meydana gelen yang\u0131n ya da patlama vakalar\u0131nda \u00f6zel bilirki\u015filik hizmeti olarak mesleki tecr\u00fcbesi olan uzman yada uzmanlar\u0131n inceleme yaparak raporlamas\u0131 sizi b\u00fcy\u00fck zararlardan kurtarabilir, koruyabilir.<\/p>\n<p>Bina yang\u0131n\u0131 m\u0131 , ara\u00e7 yang\u0131n\u0131 m\u0131 ya\u015fad\u0131n\u0131z ? patlama olay\u0131na m\u0131 maruz kald\u0131n\u0131z Sigortalad\u0131\u011f\u0131n\u0131z bina veya ara\u00e7 m\u0131 yand\u0131 ? patlamam\u0131 meydana geldi,Kasten mi yakt\u0131lar ?kasten mi patlama olay\u0131 meydana geldi, Kusurlu musunuz ? Hangi oranda kusurlusunuz ? sizi haks\u0131z yere mi su\u00e7lad\u0131lar ? L\u00fctfen bizi aray\u0131n\u0131z sizin i\u00e7in \u00f6zel yang\u0131n ya da patlamayla ilgili \u00a0bilirki\u015filik yapal\u0131m size ve avukat\u0131n\u0131za yard\u0131mc\u0131 olal\u0131m, do\u011fru ve isabetli iddialarda bulunal\u0131m.<\/p>\n<p>EKSPERT\u0130Z<\/p>\n<p><strong>Yat\u0131r\u0131mc\u0131lar, kirac\u0131lar veya fason sipari\u015f verenler, bir bina veya end\u00fcstriyel tesis almak,kiralamak istiyorsan\u0131z,Bir end\u00fcstriyel tesise uzun s\u00fcreli fason mal \u00fcrettirmek istiyorsan\u0131z,<\/strong>\u00a0sigorta kurulu\u015flar\u0131; \u00e7ok \u00f6nemli ve b\u00fcy\u00fck bir tesisi veya merkezi sigortalayacaksan\u0131z ayr\u0131ca \u00e7evrenizde kayg\u0131 duydu\u011funuz tehlikeli bir tesis veya bina var ise \u00a0yang\u0131n ve acil durum risk ekspertizi yapt\u0131rabilirsiniz<\/p>\n<p>\u00d6zetle \u0130tfaiye mesle\u011finde g\u00f6rev yapt\u0131\u011f\u0131 32.5 y\u0131l i\u00e7inde bizzat kat\u0131ld\u0131\u011f\u0131 binlerce yang\u0131n\u0131n s\u00f6nd\u00fcr\u00fclmesi,y\u00fczlerce patlama olay\u0131na m\u00fcdahale edilmesi \u00a0sonras\u0131nda yang\u0131n\u0131n ya da patlama olay\u0131n\u0131n ilk olarak kas\u0131t sonucumu yoksa ba\u015fka sebepler sonucumu meydana geldi\u011fini inceleyerek yang\u0131n ya da patlama olay\u0131n\u0131n \u00e7\u0131k\u0131\u015f sebebinin do\u011fru olarak tespit edilmesi konusunda tecr\u00fcbeli olan \u0130tfaiye Daire Ba\u015fkanl\u0131\u011f\u0131nda ise 12.5 y\u0131l aral\u0131ks\u0131z g\u00f6rev yapt\u0131ktan sonra emekli olan Kurucumuz&amp; Yang\u0131n Dan\u0131\u015fman\u0131m\u0131z (Emekli \u0130tfaiye Daire Ba\u015fkan\u0131) Orhan DO\u011eAN \u00a0taraf\u0131ndan \u00a0bilirki\u015filik ve ekspertiz hizmeti verilmektedir.<\/p>\n<p>&nbsp;<\/p>\n<p>&nbsp;<\/p>\n<p><a href=\"http:\/\/ulusehiryangindanismanlik.com\/v5\/iletisim\/\">Daha detayl\u0131 bilgi almak i\u00e7in l\u00fctfen bizimle irtibata ge\u00e7iniz.<\/a><\/p>\n","protected":false},"excerpt":{"rendered":"<p>Yang\u0131n \u0130ncelemesi \/ Bilirki\u015filik\u00a0\u00a0\u00a0\u00a0Yang\u0131n \u00a0ya da patlamalar\u0131n \u00e7\u0131k\u0131\u015f nedeninin tespit edilmesinde ciddi hassas ve derinlemesine inceleme yap\u0131lmal\u0131d\u0131r.En k\u00fc\u00e7\u00fck hasar g\u00f6ren materyalden devasa en b\u00fcy\u00fck materyale kadar<span class=\"excerpt-hellip\"> [\u2026]<\/span><\/p>\n","protected":false},"author":1,"featured_media":0,"parent":0,"menu_order":0,"comment_status":"closed","ping_status":"closed","template":"","meta":{"footnotes":""},"_links":{"self":[{"href":"https:\/\/ulusehiryangindanismanlik.com\/v5\/wp-json\/wp\/v2\/pages\/251"}],"collection":[{"href":"https:\/\/ulusehiryangindanismanlik.com\/v5\/wp-json\/wp\/v2\/pages"}],"about":[{"href":"https:\/\/ulusehiryangindanismanlik.com\/v5\/wp-json\/wp\/v2\/types\/page"}],"author":[{"embeddable":true,"href":"https:\/\/ulusehiryangindanismanlik.com\/v5\/wp-json\/wp\/v2\/users\/1"}],"replies":[{"embeddable":true,"href":"https:\/\/ulusehiryangindanismanlik.com\/v5\/wp-json\/wp\/v2\/comments?post=251"}],"version-history":[{"count":8,"href":"https:\/\/ulusehiryangindanismanlik.com\/v5\/wp-json\/wp\/v2\/pages\/251\/revisions"}],"predecessor-version":[{"id":988,"href":"https:\/\/ulusehiryangindanismanlik.com\/v5\/wp-json\/wp\/v2\/pages\/251\/revisions\/988"}],"wp:attachment":[{"href":"https:\/\/ulusehiryangindanismanlik.com\/v5\/wp-json\/wp\/v2\/media?parent=251"}],"curies":[{"name":"wp","href":"https:\/\/api.w.org\/{rel}","templated":true}]}}