{"id":327,"date":"2017-01-06T15:10:47","date_gmt":"2017-01-06T13:10:47","guid":{"rendered":"http:\/\/ulusehiryangindanismanlik.com\/v5\/?page_id=327"},"modified":"2017-02-18T10:04:29","modified_gmt":"2017-02-18T08:04:29","slug":"konferanslar","status":"publish","type":"page","link":"https:\/\/ulusehiryangindanismanlik.com\/v5\/konferanslar\/","title":{"rendered":"Konferanslar"},"content":{"rendered":"<p>Kurucu&amp; Yang\u0131n Dan\u0131\u015fman\u0131(Emekli \u0130tfaiye Daire Ba\u015fkan\u0131) Orhan DO\u011eAN\u2019 \u0131n konu\u015fmac\u0131 ve kat\u0131l\u0131mc\u0131 olarak kat\u0131ld\u0131\u011f\u0131 sempozyumlar, konferanslar, seminerler, tatbikatlardan baz\u0131lar\u0131.<\/p>\n<p><strong>\u00a0SEM\u0130NER VE PANEL<\/strong><\/p>\n<p>Konu: Yerel Y\u00f6netim Kamu, tedarik 2010 ikili g\u00f6r\u00fc\u015fmeleri<br \/>\nTarih: 16-19 \u015eubat 2010<br \/>\nYer: Kervansaray Hotel, Lara-Antalya<\/p>\n<p><strong>SEMPOZYUM<\/strong><\/p>\n<p>Ad\u0131: Ulusal Ta\u015fk\u0131n Sempozyumu<br \/>\nTarih: 22-24 Mart 2010<br \/>\nYer: Afyonkarahisar<\/p>\n<p><strong>SEM\u0130NER<\/strong><\/p>\n<p>Konu: Kentli davran\u0131\u015f, Kentliye davran\u0131\u015f semineri<br \/>\nTarih:19.06.2007<br \/>\nYer: Bursa Atat\u00fcrk Kongre K\u00fclt\u00fcr Merkezi<\/p>\n<p><strong>KONFERANS<\/strong><\/p>\n<p>Ad\u0131: Yerel y\u00f6netimlerde \u0130\u015f sa\u011fl\u0131\u011f\u0131 ve g\u00fcvenli\u011fi konferans\u0131<br \/>\nTarih: 10-11-12 \u015eubat 2016<br \/>\nYer: Bursa Atat\u00fcrk Kongre K\u00fclt\u00fcr Merkezi<\/p>\n<p><strong>TATB\u0130KAT (KATILIM BELGES\u0130)<\/strong><\/p>\n<p>AFET-2005 Milli kriz y\u00f6netim tatbikat\u0131<br \/>\n21-23 Aral\u0131k 2005<\/p>\n<p><strong>KONFERANS<\/strong><\/p>\n<p>Konu: Do\u011fal afetlerle m\u00fccadelemiz<br \/>\nTarih: 25 Eyl\u00fcl 2012<br \/>\nYer: Teyyare K\u00fclt\u00fcr Merkezi- B\u00fcy\u00fck salon<\/p>\n<p>Konu\u015fmac\u0131lar:<br \/>\n\u0130tfaiye Daire Ba\u015fkan\u0131 Orhan DO\u011eAN<br \/>\n\u0130l Afet ve Acil Durum M\u00fcd\u00fcr\u00fc \u0130brahim TARI<br \/>\nDr.Y\u00fcksek Jeoloji M\u00fchendisi Fazilet ALTINI\u015eIK<\/p>\n<p><strong>KONFERANS<\/strong><\/p>\n<p>Konu:B\u00fcy\u00fck\u015fehir \u0130tfaiye Hizmetleri (\u00f6nlem, e\u011fitim, m\u00fcdahale)<br \/>\nTarih:2 Ekim 2009<br \/>\nYer: Teyyare K\u00fclt\u00fcr Merkezi- B\u00fcy\u00fck salon<\/p>\n<p>Konu\u015fmac\u0131:<br \/>\nOrhan DO\u011eAN \u0130tfaiye Daire Ba\u015fkan\u0131<\/p>\n<p><strong>KONFERANS<\/strong><\/p>\n<p>Konu: \u0130tfaiye ve Do\u011fal Afetlerle ilgili faaliyetlerimiz<br \/>\nTarih: 17.08.2011<br \/>\nKonu\u015fmac\u0131: Orhan DO\u011eAN \u0130tfaiye Daire Ba\u015fkan\u0131<\/p>\n<p><strong>KONFERANS<\/strong><\/p>\n<p>Konu: AB s\u00fcrecinde \u0130tfaiye ve AKOM<\/p>\n<p>Konu\u015fmac\u0131lar:<br \/>\nT\u00fcm itfaiyeciler birli\u011fi Genel Ba\u015fkan\u0131 ve BBB Genel Sek. Yard\u0131mc\u0131s\u0131 Sabri YALIN<br \/>\nAnkara \u0130tfaiye Daire Ba\u015fkan\u0131 Faruk KURUTUZ<br \/>\n\u0130tfaiye Dairesi Ba\u015fkan\u0131 Orhan DO\u011eAN<\/p>\n<p><strong>SEMPOZYUM<\/strong><\/p>\n<p>Konu: Afet-Yang\u0131n-G\u00fcvenlik Sempozyumu<br \/>\nTarih: 19-22 Nisan 2007<br \/>\nYer:T\u00dcYAP Bursa Fuar ve Kongre Merkezi<\/p>\n<p>Konu\u015fmac\u0131lar:<br \/>\nVali Yrd. Yusuf Hakan G\u00dcNEL<br \/>\nProf.Dr. Abdurrahman \u0130NCE<br \/>\nYrd.Do\u00e7.Dr. O\u011fuz G\u00dcNDO\u011eDU<br \/>\n\u0130tfaiye Daire Ba\u015fkan\u0131 Orhan DO\u011eAN<\/p>\n<p><strong>TC Bursa Valili\u011fi (Kat\u0131l\u0131m Belgesi)<\/strong><\/p>\n<p>Bursa Afet tatbikat\u0131, 2007 tatbikat\u0131<\/p>\n<p><strong>KONFERANS<\/strong><\/p>\n<p>Konu: Marmara B\u00f6lgesi \u0130tfaiye te\u015fkilatlar\u0131 Afet m\u00fcdahale Avrupa standard\u0131<br \/>\nTarih: 16-18 Kas\u0131m 2005<br \/>\nYer: B\u00fcy\u00fckderbent\/Kocaeli<\/p>\n<p><strong>SEMPOZYUM<\/strong><\/p>\n<p>Konu: III.Afetlerde acil yard\u0131m sempozyumu<br \/>\nTarih: 06-11 Nisan 2016<br \/>\nYer: \u00c7anakkale Onsekiz Mart \u00dcniversitesi,\u0130lahyat Fak\u00fcltesi \u0130\u00c7DA\u015e Kongre Merkezi<\/p>\n<p>Konu\u015fmac\u0131lar:<br \/>\nOrhan DO\u011eAN \u0130tfaiye Daire Ba\u015fkan\u0131 : \u00dclkemizde Profesyonel ve G\u00f6n\u00fcll\u00fc \u0130tfaiyecilik<br \/>\n\u00d6\u011fr.G\u00f6r. Ebru Caymaz : Afet y\u00f6netiminde yeni yakla\u015f\u0131mlar<br \/>\nErdo\u011fan \u00c7abuk \u00c7anakkale AFAD \u0130l M\u00fcd\u00fcr\u00fc : \u0130limizde afet \u00e7al\u0131\u015fmalar\u0131<br \/>\nSerap \u00d6zg\u00fcl Erdem Y\u00f6netim ve Destek Hizmetleri Grup Ba\u015fkan\u0131 : Afet boyutuyla g\u00f6\u00e7<\/p>\n<p><strong>TOPLANTI<\/strong><\/p>\n<p>Bursa Hanlar b\u00f6lgesi sultan k\u00fclliyeleri ve Cumal\u0131k\u0131z\u0131k K\u00f6y\u00fc y\u00f6netim plan\u0131 1.strateji arama toplant\u0131s\u0131<br \/>\nTarih: 23-24-29 May\u0131s 2012<br \/>\nYer: Atat\u00fcrk Kongre K\u00fclt\u00fcr Merkezi-Bursa<\/p>\n<p><span class=\"bws_code\">\t\t\t\t\t\t<div class=\"gallery_box_single\">\n\t\t\t\t\t\t\t\t\t\t\t\t\t\t\t<div class=\"gallery gllr_grid\" data-gllr-columns=\"4\" data-gllr-border-width=\"10\">\n\t\t\t\t\t\t\t\t\t\t\t\t\t\t\t\t\t\t\t\t<div class=\"gllr_image_row\">\n\t\t\t\t\t\t\t\t\t\t\t\t\t\t\t\t\t\t\t\t\t<div class=\"gllr_image_block\">\n\t\t\t\t\t\t\t\t\t\t\t\t<p style=\"\n\t\t\t\t\t\t\t\t\t\t\t\twidth:220px;height:220px;\t\t\t\t\t\t\t\t\t\t\t\t\">\n\t\t\t\t\t\t\t\t\t\t\t\t\t\t\t\t\t\t\t\t\t\t\t\t\t\t\t\t<a data-fancybox=\"gallery_fancybox_667\" href=\"https:\/\/ulusehiryangindanismanlik.com\/v5\/wp-content\/uploads\/Sempozyum-3.jpg\" title=\"\" >\n\t\t\t\t\t\t\t\t\t\t\t\t\t\t\t\t<img loading=\"lazy\" decoding=\"async\" width=\"200\" height=\"200\" style=\"width:200px; height:200px; border-width: 10px; border-color:#F1F1F1;border: 10px solid #F1F1F1\" alt=\"\" title=\"\" src=\"https:\/\/ulusehiryangindanismanlik.com\/v5\/wp-content\/uploads\/Sempozyum-3-200x200.jpg\" rel=\"https:\/\/ulusehiryangindanismanlik.com\/v5\/wp-content\/uploads\/Sempozyum-3.jpg\" \/>\t\t\t\t\t\t\t\t\t\t\t\t\t\t\t<\/a>\n\t\t\t\t\t\t\t\t\t\t\t\t\t\t\t\t\t\t\t\t\t\t\t\t\t\t<\/p>\n\t\t\t\t\t\t\t\t\t\t\t\t\t\t\t\t\t\t\t\t\t\t\t\t\t<div \n\t\t\t\t\t\t\t\t\t\t\t\t\tstyle=\"width:220px;\"\t\t\t\t\t\t\t\t\t\t\t\t\tclass=\"gllr_single_image_text gllr_single_image_text_under\">&nbsp;<\/div>\n\t\t\t\t\t\t\t\t\t\t\t\t\t\t\t\t\t\t\t\t\t\t\t<\/div><!-- .gllr_image_block -->\n\t\t\t\t\t\t\t\t\t\t\t\t\t\t\t\t\t\t\t\t\t<div class=\"gllr_image_block\">\n\t\t\t\t\t\t\t\t\t\t\t\t<p style=\"\n\t\t\t\t\t\t\t\t\t\t\t\twidth:220px;height:220px;\t\t\t\t\t\t\t\t\t\t\t\t\">\n\t\t\t\t\t\t\t\t\t\t\t\t\t\t\t\t\t\t\t\t\t\t\t\t\t\t\t\t<a data-fancybox=\"gallery_fancybox_667\" href=\"https:\/\/ulusehiryangindanismanlik.com\/v5\/wp-content\/uploads\/Sempozyum-1.jpg\" title=\"\" >\n\t\t\t\t\t\t\t\t\t\t\t\t\t\t\t\t<img loading=\"lazy\" decoding=\"async\" width=\"200\" height=\"200\" style=\"width:200px; height:200px; border-width: 10px; border-color:#F1F1F1;border: 10px solid #F1F1F1\" alt=\"\" title=\"\" src=\"https:\/\/ulusehiryangindanismanlik.com\/v5\/wp-content\/uploads\/Sempozyum-1-200x200.jpg\" rel=\"https:\/\/ulusehiryangindanismanlik.com\/v5\/wp-content\/uploads\/Sempozyum-1.jpg\" \/>\t\t\t\t\t\t\t\t\t\t\t\t\t\t\t<\/a>\n\t\t\t\t\t\t\t\t\t\t\t\t\t\t\t\t\t\t\t\t\t\t\t\t\t\t<\/p>\n\t\t\t\t\t\t\t\t\t\t\t\t\t\t\t\t\t\t\t\t\t\t\t\t\t<div \n\t\t\t\t\t\t\t\t\t\t\t\t\tstyle=\"width:220px;\"\t\t\t\t\t\t\t\t\t\t\t\t\tclass=\"gllr_single_image_text gllr_single_image_text_under\">&nbsp;<\/div>\n\t\t\t\t\t\t\t\t\t\t\t\t\t\t\t\t\t\t\t\t\t\t\t<\/div><!-- .gllr_image_block -->\n\t\t\t\t\t\t\t\t\t\t\t\t\t\t\t\t\t\t\t\t\t<div class=\"gllr_image_block\">\n\t\t\t\t\t\t\t\t\t\t\t\t<p style=\"\n\t\t\t\t\t\t\t\t\t\t\t\twidth:220px;height:220px;\t\t\t\t\t\t\t\t\t\t\t\t\">\n\t\t\t\t\t\t\t\t\t\t\t\t\t\t\t\t\t\t\t\t\t\t\t\t\t\t\t\t<a data-fancybox=\"gallery_fancybox_667\" href=\"https:\/\/ulusehiryangindanismanlik.com\/v5\/wp-content\/uploads\/Sempozyum-2.jpg\" title=\"\" >\n\t\t\t\t\t\t\t\t\t\t\t\t\t\t\t\t<img loading=\"lazy\" decoding=\"async\" width=\"200\" height=\"200\" style=\"width:200px; height:200px; border-width: 10px; border-color:#F1F1F1;border: 10px solid #F1F1F1\" alt=\"\" title=\"\" src=\"https:\/\/ulusehiryangindanismanlik.com\/v5\/wp-content\/uploads\/Sempozyum-2-200x200.jpg\" rel=\"https:\/\/ulusehiryangindanismanlik.com\/v5\/wp-content\/uploads\/Sempozyum-2.jpg\" \/>\t\t\t\t\t\t\t\t\t\t\t\t\t\t\t<\/a>\n\t\t\t\t\t\t\t\t\t\t\t\t\t\t\t\t\t\t\t\t\t\t\t\t\t\t<\/p>\n\t\t\t\t\t\t\t\t\t\t\t\t\t\t\t\t\t\t\t\t\t\t\t\t\t<div \n\t\t\t\t\t\t\t\t\t\t\t\t\tstyle=\"width:220px;\"\t\t\t\t\t\t\t\t\t\t\t\t\tclass=\"gllr_single_image_text gllr_single_image_text_under\">&nbsp;<\/div>\n\t\t\t\t\t\t\t\t\t\t\t\t\t\t\t\t\t\t\t\t\t\t\t<\/div><!-- .gllr_image_block -->\n\t\t\t\t\t\t\t\t\t\t\t\t\t\t\t\t\t\t\t\t\t<div class=\"clear\"><\/div>\n\t\t\t\t\t\t\t\t\t\t<\/div><!-- .gllr_image_row -->\n\t\t\t\t\t\t\t\t\t\t\t\t\t\t\t\t\t<\/div><!-- .gallery.clearfix -->\n\t\t\t\t\t\t\t\t\t\t\t\t\t\t<\/div><!-- .gallery_box_single -->\n\t\t\t\t\t\t<div class=\"gllr_clear\"><\/div>\n\t\t\t\t\t\t<\/span><\/p>\n","protected":false},"excerpt":{"rendered":"<p>Kurucu&amp; Yang\u0131n Dan\u0131\u015fman\u0131(Emekli \u0130tfaiye Daire Ba\u015fkan\u0131) Orhan DO\u011eAN\u2019 \u0131n konu\u015fmac\u0131 ve kat\u0131l\u0131mc\u0131 olarak kat\u0131ld\u0131\u011f\u0131 sempozyumlar, konferanslar, seminerler, tatbikatlardan baz\u0131lar\u0131. \u00a0SEM\u0130NER VE PANEL Konu: Yerel Y\u00f6netim Kamu,<span class=\"excerpt-hellip\"> [\u2026]<\/span><\/p>\n","protected":false},"author":1,"featured_media":0,"parent":0,"menu_order":0,"comment_status":"closed","ping_status":"closed","template":"","meta":{"footnotes":""},"_links":{"self":[{"href":"https:\/\/ulusehiryangindanismanlik.com\/v5\/wp-json\/wp\/v2\/pages\/327"}],"collection":[{"href":"https:\/\/ulusehiryangindanismanlik.com\/v5\/wp-json\/wp\/v2\/pages"}],"about":[{"href":"https:\/\/ulusehiryangindanismanlik.com\/v5\/wp-json\/wp\/v2\/types\/page"}],"author":[{"embeddable":true,"href":"https:\/\/ulusehiryangindanismanlik.com\/v5\/wp-json\/wp\/v2\/users\/1"}],"replies":[{"embeddable":true,"href":"https:\/\/ulusehiryangindanismanlik.com\/v5\/wp-json\/wp\/v2\/comments?post=327"}],"version-history":[{"count":4,"href":"https:\/\/ulusehiryangindanismanlik.com\/v5\/wp-json\/wp\/v2\/pages\/327\/revisions"}],"predecessor-version":[{"id":938,"href":"https:\/\/ulusehiryangindanismanlik.com\/v5\/wp-json\/wp\/v2\/pages\/327\/revisions\/938"}],"wp:attachment":[{"href":"https:\/\/ulusehiryangindanismanlik.com\/v5\/wp-json\/wp\/v2\/media?parent=327"}],"curies":[{"name":"wp","href":"https:\/\/api.w.org\/{rel}","templated":true}]}}