{"id":352,"date":"2017-01-10T00:48:32","date_gmt":"2017-01-09T22:48:32","guid":{"rendered":"http:\/\/ulusehiryangindanismanlik.com\/v5\/?page_id=352"},"modified":"2024-02-12T15:09:55","modified_gmt":"2024-02-12T12:09:55","slug":"temel-itfaiyeci-egitimi","status":"publish","type":"page","link":"https:\/\/ulusehiryangindanismanlik.com\/v5\/temel-itfaiyeci-egitimi\/","title":{"rendered":"\u0130tfaiye Eri E\u011fitimi"},"content":{"rendered":"<p style=\"text-align: center;\"><strong>\u0130TFA\u0130YE ER\u0130 E\u011e\u0130T\u0130M\u0130<\/strong><\/p>\n<p><strong>\u0130TFA\u0130YE ER\u0130 E\u011e\u0130T\u0130M\u0130<\/strong><\/p>\n<p>\u0130tfaiye servisi, itfaiye te\u015fkilat\u0131 olan \u00f6zel, resmi kurum ve kurulu\u015flarda, patlama, parlama, yanma riski olan fabrikalarda organize sanayi b\u00f6lgeleri \u0130tfaiye te\u015fkilatlar\u0131nda g\u00f6rev yapan veya yapacak olan itfaiye erlerine, \u0130TFA\u0130YE ER\u0130 E\u011e\u0130T\u0130M\u0130 verilir.<\/p>\n<p><strong>Ama\u00e7:<\/strong>\u00a0 itfaiye te\u015fkilat\u0131 Yang\u0131n Ekibini (s\u00f6nd\u00fcrme, kurtarma, koruma ilkyard\u0131m) olas\u0131 yang\u0131nlar\u0131n \u00f6nlenmesi, yang\u0131n an\u0131nda do\u011fru davran\u0131\u015f tarzlar\u0131n\u0131n kazand\u0131r\u0131lmas\u0131 ile yang\u0131nla m\u00fccadele, s\u00f6nd\u00fcrme ve kurtarma konusunda e\u011fiterek, yang\u0131nlar\u0131 \u00f6nlemek ve ba\u015flang\u0131\u00e7 halinde m\u00fcdahale ederek can ve mal kay\u0131plar\u0131n\u0131 en az seviyede tutmakt\u0131r.<\/p>\n<p><strong>E\u011fitim konular\u0131:<\/strong><\/p>\n<ol>\n<li>Yang\u0131n Bilgisi<\/li>\n<li>Yang\u0131n ve yang\u0131nlar\u0131n s\u0131n\u0131fland\u0131r\u0131lmas\u0131<\/li>\n<li>Yang\u0131n nedenleri ve etkenleri<\/li>\n<li>Yang\u0131nlar\u0131 \u00f6nleyici tedbirler<\/li>\n<li>Yang\u0131n s\u00f6nd\u00fcrme y\u00f6ntemleri, s\u00f6nd\u00fcr\u00fcc\u00fc maddelerin \u00f6zellikleri ve yang\u0131n s\u00f6nd\u00fcrme cihazlar\u0131<\/li>\n<li>Yang\u0131ndan sonra yap\u0131lacak i\u015flemler<\/li>\n<li>Yang\u0131n s\u00f6nd\u00fcrme malzemeleri ve uygulamalar\u0131<\/li>\n<li>\u0130\u015fletme, kurum itfaiye servisinde, istasyonunda, grubunda haberle\u015fme<\/li>\n<li>Kurtarma faaliyetleri<\/li>\n<li>\u0130tfaiye ve yang\u0131nla ilgili mevzuatlar<\/li>\n<li>Genel tatbikat<\/li>\n<\/ol>\n<p style=\"text-align: left;\"><strong style=\"font-size: revert;\">Kat\u0131l\u0131m:<\/strong><span style=\"font-size: revert;\"> Kamu \/ \u00d6zel Kurum, Kurulu\u015f \u0130tfaiye Personeli<\/span><\/p>\n<p><strong>Belge:<\/strong> E\u011fitim sonunda e\u011fitim sonu\u00e7 raporu d\u00fczenlenerek, kat\u0131l\u0131mc\u0131lara <strong>\u0130TFA\u0130YE ER\u0130 E\u011e\u0130T\u0130M BELGES\u0130 verilir.<br \/>\n<\/strong><\/p>\n<p><strong>1.SEV\u0130YE YANGIN E\u011e\u0130T\u0130C\u0130 E\u011e\u0130T\u0130M\u0130<\/strong><\/p>\n<p style=\"text-align: left;\">E\u011e\u0130T\u0130M\u0130N AMACI: 6331 say\u0131l\u0131 \u0130\u015f Sa\u011fl\u0131\u011f\u0131 ve G\u00fcvenli\u011fi Kanunu, 2009 tarihli Binalar\u0131n Yang\u0131nlardan Korunmas\u0131 Hakk\u0131nda Y\u00f6netmelik, 2013 tarihli \u0130\u015f Yerlerinde Acil Durumlar Hakk\u0131ndaki Y\u00f6netmelik ve 2013 tarihli Sa\u011fl\u0131k ve G\u00fcvenlik \u0130\u015faretleri Y\u00f6netmeli\u011finde belirtilen kanun ve y\u00f6netmelikler baz al\u0131narak mevzuata uygun \u015fekilde kurum ve i\u015fletmelerde \u00e7al\u0131\u015fan t\u00fcm personelin zorunlu almas\u0131 gereken 1 g\u00fcnl\u00fck \u201cTemel Yang\u0131n E\u011fitimi\u201d verebilecek, yang\u0131n m\u00fcdahale plan\u0131 yapabilecek ve uygulayacak, yang\u0131n \u00f6nleme, s\u00f6nd\u00fcrme ve kurtarma tekniklerini \u00e7al\u0131\u015fanlara \u00f6\u011fretip deneyim kazand\u0131rabilecek, yang\u0131n s\u00f6nd\u00fcrme ara\u00e7 ve gere\u00e7lerini tan\u0131t\u0131p kullanmas\u0131n\u0131 \u00f6\u011fretebilecek, Tahliye esaslar\u0131n\u0131 ve planlamas\u0131n\u0131 yapabilecek ve yapt\u0131rabilecek, Acil Durum M\u00fcdahale ekiplerinin koordinasyonun sa\u011flanmas\u0131 ve ekiplerin g\u00f6rev ve \u00e7al\u0131\u015fma \u015fekillerini ayr\u0131 ayr\u0131 her ekip i\u00e7in e\u011fitim program\u0131 haz\u0131rlayabilecek ve ekiplerin y\u0131ll\u0131k tatbikatlar\u0131n\u0131 yapt\u0131rabilecek Yang\u0131n e\u011fitmeni yeti\u015ftirmektir.<\/p>\n<p>E\u011e\u0130T\u0130M S\u00dcRES\u0130: 45 SAATT\u0130R.<\/p>\n<p>E\u011e\u0130T\u0130M SONRASI: \u00dcniversite onayl\u0131 1. Seviye Yang\u0131n E\u011fitici E\u011fitimi Sertifikas\u0131 verilir.<\/p>\n<p><strong>1.SEV\u0130YE YANGIN E\u011e\u0130T\u0130C\u0130 E\u011e\u0130T\u0130M\u0130NE K\u0130MLER KATILAB\u0130L\u0130R:<\/strong><\/p>\n<ul>\n<li>\u0130\u015f g\u00fcvenli\u011fi uzmanlar\u0131<\/li>\n<li>\u0130\u015f g\u00fcvenli\u011fi teknikerleri<\/li>\n<li>\u0130\u015fletmelerde g\u00f6rev yapan Acil durum ekip liderleri<\/li>\n<li>\u0130\u015fletmelerde g\u00f6rev yapan acil durum s\u00f6nd\u00fcrme ekip personeli<\/li>\n<li>\u0130\u015fletmelerin veya kamu kurumlar\u0131n\u0131n yang\u0131nla ilgili birimlerinde g\u00f6rev yapan birim sorumlular\u0131<\/li>\n<li>En az \u00f6n lisans mezunu olup amir, ekip ba\u015f\u0131, posta ba\u015f\u0131, vardiya amiri, grup amiri, \u015fef, ustaba\u015f\u0131, formen gibi unvanlar sahip olan i\u015fletme \u00e7al\u0131\u015fanlar\u0131<\/li>\n<li>En az lise mezunu olan ve Yang\u0131n g\u00fcvenli\u011fi ( portatif yang\u0131n s\u00f6nd\u00fcrme t\u00fcpleri bak\u0131m, onar\u0131m, sat\u0131\u015f\u0131 yapanlar) konusunda g\u00f6rev yapan profesyoneller<\/li>\n<\/ul>\n<h3>1. SEV\u0130YE YANGIN E\u011e\u0130T\u0130C\u0130 E\u011e\u0130T\u0130M\u0130N\u0130N KAZANIMLARI NELERD\u0130R?<\/h3>\n<ul>\n<li>Binalar\u0131n yang\u0131nlardan korunmas\u0131 hakk\u0131ndaki y\u00f6netmelik gere\u011fi y\u0131lda 1 kez zorunlu olan genel yang\u0131n e\u011fitimi verebilir.<\/li>\n<li>Binalar\u0131n yang\u0131nlardan korunmas\u0131 hakk\u0131ndaki y\u00f6netmelik gere\u011fi yap\u0131lmas\u0131 gereken acil eylem planlar\u0131n\u0131 olu\u015fturur.<\/li>\n<li>6331 say\u0131l\u0131 kanunda ge\u00e7en yang\u0131nla m\u00fccadele e\u011fitimini verebilir.<\/li>\n<li>E\u011fitim sonunda KATILIM BELGES\u0130 verebilir.<\/li>\n<\/ul>\n<p><a href=\"http:\/\/ulusehiryangindanismanlik.com\/v5\/iletisim\/\">Daha detayl\u0131 bilgi almak i\u00e7in l\u00fctfen bizimle irtibata ge\u00e7iniz.<\/a><\/p>\n","protected":false},"excerpt":{"rendered":"<p>\u0130TFA\u0130YE ER\u0130 E\u011e\u0130T\u0130M\u0130 \u0130TFA\u0130YE ER\u0130 E\u011e\u0130T\u0130M\u0130 \u0130tfaiye servisi, itfaiye te\u015fkilat\u0131 olan \u00f6zel, resmi kurum ve kurulu\u015flarda, patlama, parlama, yanma riski olan fabrikalarda organize sanayi b\u00f6lgeleri \u0130tfaiye<span class=\"excerpt-hellip\"> [\u2026]<\/span><\/p>\n","protected":false},"author":1,"featured_media":0,"parent":0,"menu_order":0,"comment_status":"closed","ping_status":"closed","template":"","meta":{"footnotes":""},"_links":{"self":[{"href":"https:\/\/ulusehiryangindanismanlik.com\/v5\/wp-json\/wp\/v2\/pages\/352"}],"collection":[{"href":"https:\/\/ulusehiryangindanismanlik.com\/v5\/wp-json\/wp\/v2\/pages"}],"about":[{"href":"https:\/\/ulusehiryangindanismanlik.com\/v5\/wp-json\/wp\/v2\/types\/page"}],"author":[{"embeddable":true,"href":"https:\/\/ulusehiryangindanismanlik.com\/v5\/wp-json\/wp\/v2\/users\/1"}],"replies":[{"embeddable":true,"href":"https:\/\/ulusehiryangindanismanlik.com\/v5\/wp-json\/wp\/v2\/comments?post=352"}],"version-history":[{"count":11,"href":"https:\/\/ulusehiryangindanismanlik.com\/v5\/wp-json\/wp\/v2\/pages\/352\/revisions"}],"predecessor-version":[{"id":1346,"href":"https:\/\/ulusehiryangindanismanlik.com\/v5\/wp-json\/wp\/v2\/pages\/352\/revisions\/1346"}],"wp:attachment":[{"href":"https:\/\/ulusehiryangindanismanlik.com\/v5\/wp-json\/wp\/v2\/media?parent=352"}],"curies":[{"name":"wp","href":"https:\/\/api.w.org\/{rel}","templated":true}]}}